{"id":54,"date":"2025-08-23T07:39:29","date_gmt":"2025-08-23T07:39:29","guid":{"rendered":"https:\/\/dawidgallery.com\/?page_id=54"},"modified":"2025-11-16T17:07:59","modified_gmt":"2025-11-16T17:07:59","slug":"about-us","status":"publish","type":"page","link":"https:\/\/dawidgallery.com\/?page_id=54","title":{"rendered":"O nas"},"content":{"rendered":"\t\t<div data-elementor-type=\"wp-page\" data-elementor-id=\"54\" class=\"elementor elementor-54\">\n\t\t\t\t<div class=\"elementor-element elementor-element-7fa2dc55 e-con-full e-flex e-con e-parent\" data-id=\"7fa2dc55\" data-element_type=\"container\">\n\t\t<div class=\"elementor-element elementor-element-11b0f0ce e-con-full e-flex e-con e-child\" data-id=\"11b0f0ce\" data-element_type=\"container\">\n\t\t<div class=\"elementor-element elementor-element-425aece2 e-con-full e-flex e-con e-child\" data-id=\"425aece2\" data-element_type=\"container\">\n\t\t\t\t<div class=\"elementor-element elementor-element-2fe4dab2 elementor-widget elementor-widget-heading\" data-id=\"2fe4dab2\" data-element_type=\"widget\" data-widget_type=\"heading.default\">\n\t\t\t\t\t<h1 class=\"elementor-heading-title elementor-size-default\">Jeste\u015bmy jednym z pierwszych sklep\u00f3w otwartych na \u015ar\u00f3dmie\u015bciu funkcjonuj\u0105cym ju\u017c od ponad 40 lat.\n<\/h1>\t\t\t\t<\/div>\n\t\t\t\t<\/div>\n\t\t\t\t<\/div>\n\t\t<div class=\"elementor-element elementor-element-6f9efb58 e-con-full e-flex e-con e-child\" data-id=\"6f9efb58\" data-element_type=\"container\" data-settings=\"{&quot;background_background&quot;:&quot;classic&quot;}\">\n\t\t\t\t<\/div>\n\t\t\t\t<\/div>\n\t\t<div class=\"elementor-element elementor-element-2cb2535d e-con-full e-flex e-con e-parent\" data-id=\"2cb2535d\" data-element_type=\"container\">\n\t\t<div class=\"elementor-element elementor-element-5630a2a7 e-con-full e-flex e-con e-child\" data-id=\"5630a2a7\" data-element_type=\"container\">\n\t\t\t\t<div class=\"elementor-element elementor-element-368e45ab elementor-widget elementor-widget-heading\" data-id=\"368e45ab\" data-element_type=\"widget\" data-widget_type=\"heading.default\">\n\t\t\t\t\t<h2 class=\"elementor-heading-title elementor-size-default\">Pocz\u0105tki<\/h2>\t\t\t\t<\/div>\n\t\t\t\t<div class=\"elementor-element elementor-element-44ce72b9 elementor-widget elementor-widget-text-editor\" data-id=\"44ce72b9\" data-element_type=\"widget\" data-widget_type=\"text-editor.default\">\n\t\t\t\t\t\t\t\t\t<p data-start=\"214\" data-end=\"614\">Ponad czterdzie\u015bci lat temu na s\u0142ynnej ulicy Mariackiej w Gda\u0144sku narodzi\u0142a si\u0119 pasja, kt\u00f3ra dzi\u015b \u0142\u0105czy ju\u017c cztery pokolenia jednej rodziny. To w\u0142a\u015bnie tutaj ojciec obecnych w\u0142a\u015bcicielii jako jeden z pionier\u00f3w rozpocz\u0105\u0142 niezwyk\u0142\u0105 przygod\u0119 z bursztynem. Jego marzeniem by\u0142o nie tylko sprzedawa\u0107 bi\u017cuteri\u0119, ale te\u017c dzieli\u0107 si\u0119 pi\u0119knem i tajemnic\u0105 tego wyj\u0105tkowego kamienia z ca\u0142ym \u015bwiatem.<\/p><p data-start=\"616\" data-end=\"893\">W tamtych czasach sklep sta\u0142 si\u0119 miejscem spotka\u0144 i ma\u0142ych spektakli \u2013 odwiedzaj\u0105cy mogli na \u017cywo podziwia\u0107, jak z kawa\u0142ka bursztynu powstaje unikatowa bi\u017cuteria. To w\u0142a\u015bnie te pokazy, pe\u0142ne pasji i rzemie\u015blniczej precyzji, przyci\u0105ga\u0142y turyst\u00f3w z najdalszych zak\u0105tk\u00f3w \u015bwiata.<\/p><p data-start=\"895\" data-end=\"1158\">Dzi\u015b prowadzimy t\u0119 firm\u0119 wsp\u00f3lnie, w gronie rodzinnym \u2013 ju\u017c z udzia\u0142em czwartego pokolenia. Tradycja, wiedza i mi\u0142o\u015b\u0107 do bursztynu przekazywane s\u0105 u nas z ojca na syna, z matki na c\u00f3rk\u0119, dzi\u0119ki czemu ka\u017cdy detal bi\u017cuterii niesie ze sob\u0105 cz\u0105stk\u0119 naszej historii.<\/p><p data-start=\"1160\" data-end=\"1486\">W sklepie dbamy o to, by ka\u017cdy Go\u015b\u0107 czu\u0142 si\u0119 wyj\u0105tkowo \u2013 czeka tu serdeczne przyj\u0119cie i profesjonalna pomoc w wyborze tej jedynej, idealnej ozdoby. Nasi sprzedawcy swobodnie rozmawiaj\u0105 po polsku, niemiecku i angielsku, a niekt\u00f3rzy tak\u017ce w innych j\u0119zykach, co od lat pozwala nam budowa\u0107 wi\u0119\u017a z odwiedzaj\u0105cymi z ca\u0142ego \u015bwiata.<\/p><p data-start=\"1488\" data-end=\"1610\">Zapraszamy do miejsca, gdzie tradycja spotyka si\u0119 z pi\u0119knem bursztynu, a rodzinna historia splata si\u0119 z pasj\u0105 tworzenia.<\/p>\t\t\t\t\t\t\t\t<\/div>\n\t\t\t\t<\/div>\n\t\t\t\t<\/div>\n\t\t<div class=\"elementor-element elementor-element-c2ee45b e-flex e-con-boxed e-con e-parent\" data-id=\"c2ee45b\" data-element_type=\"container\">\n\t\t\t\t\t<div class=\"e-con-inner\">\n\t\t\t\t\t<\/div>\n\t\t\t\t<\/div>\n\t\t<div class=\"elementor-element elementor-element-7fdc785 e-flex e-con-boxed e-con e-parent\" data-id=\"7fdc785\" data-element_type=\"container\">\n\t\t\t\t\t<div class=\"e-con-inner\">\n\t\t<div class=\"elementor-element elementor-element-8d0be11 e-con-full e-flex e-con e-child\" data-id=\"8d0be11\" data-element_type=\"container\">\n\t\t\t\t<div class=\"elementor-element elementor-element-c336c44 elementor-widget elementor-widget-image\" data-id=\"c336c44\" data-element_type=\"widget\" data-widget_type=\"image.default\">\n\t\t\t\t\t\t\t\t\t\t\t\t\t\t\t<img fetchpriority=\"high\" decoding=\"async\" width=\"768\" height=\"1024\" src=\"https:\/\/dawidgallery.com\/wp-content\/uploads\/2025\/08\/fccc7489-7ddf-4950-a9f0-43ed0bce945a-768x1024.jpeg\" class=\"attachment-large size-large wp-image-283\" alt=\"\" srcset=\"https:\/\/dawidgallery.com\/wp-content\/uploads\/2025\/08\/fccc7489-7ddf-4950-a9f0-43ed0bce945a-768x1024.jpeg 768w, https:\/\/dawidgallery.com\/wp-content\/uploads\/2025\/08\/fccc7489-7ddf-4950-a9f0-43ed0bce945a-225x300.jpeg 225w, https:\/\/dawidgallery.com\/wp-content\/uploads\/2025\/08\/fccc7489-7ddf-4950-a9f0-43ed0bce945a-1152x1536.jpeg 1152w, https:\/\/dawidgallery.com\/wp-content\/uploads\/2025\/08\/fccc7489-7ddf-4950-a9f0-43ed0bce945a-1536x2048.jpeg 1536w, https:\/\/dawidgallery.com\/wp-content\/uploads\/2025\/08\/fccc7489-7ddf-4950-a9f0-43ed0bce945a-scaled.jpeg 1920w\" sizes=\"(max-width: 768px) 100vw, 768px\" \/>\t\t\t\t\t\t\t\t\t\t\t\t\t\t\t<\/div>\n\t\t\t\t<\/div>\n\t\t<div class=\"elementor-element elementor-element-682d513 e-con-full e-flex e-con e-child\" data-id=\"682d513\" data-element_type=\"container\">\n\t\t<div class=\"elementor-element elementor-element-a2bf308 e-con-full e-flex e-con e-child\" data-id=\"a2bf308\" data-element_type=\"container\">\n\t\t\t\t<div class=\"elementor-element elementor-element-9fc94f9 elementor-widget elementor-widget-text-editor\" data-id=\"9fc94f9\" data-element_type=\"widget\" data-widget_type=\"text-editor.default\">\n\t\t\t\t\t\t\t\t\t<p>Rodzinna pami\u0105tka, ilustruj\u0105ca najbardziej wyr\u00f3\u017cniaj\u0105ce si\u0119 ikony Gda\u0144ska: stary m\u0142yn oraz ko\u015bci\u00f3\u0142 Mariacki. Ilustracje w ca\u0142o\u015bci zosta\u0142y stworzone z ba\u0142tyckiego bursztynu w latach 70. Od tamtego czasu te wyj\u0105tkowe pami\u0105tki wystawione s\u0105 w rodzinnym sklepie zachowuj\u0105c wa\u017cn\u0105 cz\u0119\u015b\u0107 historii rodziny w samym jej sercu.<\/p>\t\t\t\t\t\t\t\t<\/div>\n\t\t\t\t<\/div>\n\t\t<div class=\"elementor-element elementor-element-4bb7570 e-con-full e-flex e-con e-child\" data-id=\"4bb7570\" data-element_type=\"container\">\n\t\t\t\t<\/div>\n\t\t\t\t<\/div>\n\t\t\t\t\t<\/div>\n\t\t\t\t<\/div>\n\t\t<div class=\"elementor-element elementor-element-e9ff82f e-flex e-con-boxed e-con e-parent\" data-id=\"e9ff82f\" data-element_type=\"container\">\n\t\t\t\t\t<div class=\"e-con-inner\">\n\t\t\t\t\t<\/div>\n\t\t\t\t<\/div>\n\t\t<div class=\"elementor-element elementor-element-4c18a81 e-flex e-con-boxed e-con e-parent\" data-id=\"4c18a81\" data-element_type=\"container\">\n\t\t\t\t\t<div class=\"e-con-inner\">\n\t\t\t\t\t<\/div>\n\t\t\t\t<\/div>\n\t\t\t\t<\/div>\n\t\t","protected":false},"excerpt":{"rendered":"<p>Jeste\u015bmy jednym z pierwszych sklep\u00f3w otwartych na \u015ar\u00f3dmie\u015bciu funkcjonuj\u0105cym ju\u017c od ponad 40 lat. Pocz\u0105tki Ponad czterdzie\u015bci lat temu na [&hellip;]<\/p>\n","protected":false},"author":1,"featured_media":0,"parent":0,"menu_order":0,"comment_status":"closed","ping_status":"closed","template":"elementor_header_footer","meta":{"site-sidebar-layout":"default","site-content-layout":"","ast-site-content-layout":"default","site-content-style":"default","site-sidebar-style":"default","ast-global-header-display":"","ast-banner-title-visibility":"","ast-main-header-display":"","ast-hfb-above-header-display":"","ast-hfb-below-header-display":"","ast-hfb-mobile-header-display":"","site-post-title":"","ast-breadcrumbs-content":"","ast-featured-img":"","footer-sml-layout":"","theme-transparent-header-meta":"","adv-header-id-meta":"","stick-header-meta":"","header-above-stick-meta":"","header-main-stick-meta":"","header-below-stick-meta":"","astra-migrate-meta-layouts":"default","ast-page-background-enabled":"default","ast-page-background-meta":{"desktop":{"background-color":"var(--ast-global-color-5)","background-image":"","background-repeat":"repeat","background-position":"center center","background-size":"auto","background-attachment":"scroll","background-type":"","background-media":"","overlay-type":"","overlay-color":"","overlay-opacity":"","overlay-gradient":""},"tablet":{"background-color":"","background-image":"","background-repeat":"repeat","background-position":"center center","background-size":"auto","background-attachment":"scroll","background-type":"","background-media":"","overlay-type":"","overlay-color":"","overlay-opacity":"","overlay-gradient":""},"mobile":{"background-color":"","background-image":"","background-repeat":"repeat","background-position":"center center","background-size":"auto","background-attachment":"scroll","background-type":"","background-media":"","overlay-type":"","overlay-color":"","overlay-opacity":"","overlay-gradient":""}},"ast-content-background-meta":{"desktop":{"background-color":"var(--ast-global-color-4)","background-image":"","background-repeat":"repeat","background-position":"center center","background-size":"auto","background-attachment":"scroll","background-type":"","background-media":"","overlay-type":"","overlay-color":"","overlay-opacity":"","overlay-gradient":""},"tablet":{"background-color":"var(--ast-global-color-4)","background-image":"","background-repeat":"repeat","background-position":"center center","background-size":"auto","background-attachment":"scroll","background-type":"","background-media":"","overlay-type":"","overlay-color":"","overlay-opacity":"","overlay-gradient":""},"mobile":{"background-color":"var(--ast-global-color-4)","background-image":"","background-repeat":"repeat","background-position":"center center","background-size":"auto","background-attachment":"scroll","background-type":"","background-media":"","overlay-type":"","overlay-color":"","overlay-opacity":"","overlay-gradient":""}},"footnotes":""},"class_list":["post-54","page","type-page","status-publish","hentry"],"_links":{"self":[{"href":"https:\/\/dawidgallery.com\/index.php?rest_route=\/wp\/v2\/pages\/54","targetHints":{"allow":["GET"]}}],"collection":[{"href":"https:\/\/dawidgallery.com\/index.php?rest_route=\/wp\/v2\/pages"}],"about":[{"href":"https:\/\/dawidgallery.com\/index.php?rest_route=\/wp\/v2\/types\/page"}],"author":[{"embeddable":true,"href":"https:\/\/dawidgallery.com\/index.php?rest_route=\/wp\/v2\/users\/1"}],"replies":[{"embeddable":true,"href":"https:\/\/dawidgallery.com\/index.php?rest_route=%2Fwp%2Fv2%2Fcomments&post=54"}],"version-history":[{"count":43,"href":"https:\/\/dawidgallery.com\/index.php?rest_route=\/wp\/v2\/pages\/54\/revisions"}],"predecessor-version":[{"id":456,"href":"https:\/\/dawidgallery.com\/index.php?rest_route=\/wp\/v2\/pages\/54\/revisions\/456"}],"wp:attachment":[{"href":"https:\/\/dawidgallery.com\/index.php?rest_route=%2Fwp%2Fv2%2Fmedia&parent=54"}],"curies":[{"name":"wp","href":"https:\/\/api.w.org\/{rel}","templated":true}]}}